{"id":152,"date":"2021-02-08T06:35:26","date_gmt":"2021-02-08T06:35:26","guid":{"rendered":"https:\/\/casaioana.org\/\/?page_id=152"},"modified":"2021-02-08T15:24:40","modified_gmt":"2021-02-08T15:24:40","slug":"covid-19","status":"publish","type":"page","link":"https:\/\/casaioana.org\/en\/covid-19\/","title":{"rendered":"Covid-19"},"content":{"rendered":"<div class=\"wpb-content-wrapper\"><div class=\"vc_row wpb_row vc_row-fluid page_banner\"><div class=\"wpb_column vc_column_container vc_col-sm-12\"><div class=\"vc_column-inner\"><div class=\"wpb_wrapper\">\n\t\t\t\t<p class=\"rs-p-wp-fix\"><\/p>\n\t\t\t\t<sr7-module data-alias=\"covid-19\" data-id=\"22\" id=\"SR7_22_1\" class=\"rs-ov-hidden\" data-version=\"6.7.54\">\n\t\t\t\t\t<sr7-adjuster><\/sr7-adjuster>\n\t\t\t\t\t<sr7-content>\n\t\t\t\t\t\t<sr7-slide id=\"SR7_22_1-11\" data-key=\"11\">\n\t\t\t\t\t\t\t<sr7-bg id=\"SR7_22_1-11-5\" class=\"sr7-layer\"><noscript><img decoding=\"async\" src=\"https:\/\/casaioana.lucianandpartners.ro\/wp-content\/uploads\/2021\/02\/pexels-cdc-3993212-1.jpg\" alt=\"\" title=\"pexels-cdc-3993212\"><\/noscript><\/sr7-bg>\n\t\t\t\t\t\t\t<sr7-txt id=\"SR7_22_1-11-1\" class=\"sr7-layer\">COVID-19<\/sr7-txt>\n\t\t\t\t\t\t\t<sr7-txt id=\"SR7_22_1-11-3\" class=\"sr7-layer\"><i class=\"fas fa-arrow-right\"><\/i> Num\u0103r unic na\u021bional de urgen\u021b\u0103 24\/7: 0800 500 333\n<i class=\"fas fa-arrow-right\"><\/i>  Apeleaz\u0103  112 dac\u0103 tu sau o persoan\u0103 cunoscut\u0103 sunte\u021bi \u00een pericol<\/sr7-txt>\n\t\t\t\t\t\t\t<sr7-txt id=\"SR7_22_1-11-4\" class=\"sr7-layer\">Domestic violence affects people across the world and social backgrounds every day,\nin both normal and crisis situations.<\/sr7-txt>\n\t\t\t\t\t\t<\/sr7-slide>\n\t\t\t\t\t\t<sr7-slide id=\"SR7_22_1-22\" data-key=\"22\">\n\t\t\t\t\t\t<\/sr7-slide>\n\t\t\t\t\t<\/sr7-content>\n\t\t\t\t\t<image_lists style=\"display:none\">\n\t\t\t\t\t\t<img data-src=\"\/\/casaioana.lucianandpartners.ro\/wp-content\/uploads\/2021\/02\/pexels-cdc-3993212-1.jpg\" data-libid=\"154\" data-lib=\"medialibrary\" title=\"pexels-cdc-3993212\" width=\"0\" height=\"0\" data-dbsrc=\"Ly9jYXNhaW9hbmEubHVjaWFuYW5kcGFydG5lcnMucm8vd3AtY29udGVudC91cGxvYWRzLzIwMjEvMDIvcGV4ZWxzLWNkYy0zOTkzMjEyLTEuanBn\"\/>\n\t\t\t\t\t<\/image_lists>\n\t\t\t\t<\/sr7-module>\n\t\t\t\t<script>\n\t\t\t\t\twindow.SR7 ??={};SR7.PMH ??={}; SR7.PMH[\"SR7_22_1\"] = {cn:100,state:false,fn: function() { if (window._tpt!==undefined && window._tpt.prepareModuleHeight !== undefined) {  _tpt.prepareModuleHeight({id:\"SR7_22_1\",el:[500,500,768,960,720],type:'standard',shdw:'0',gh:[500,500,,,],gw:[1240,1240,1024,778,480],vpt:['-200px'],size:{fullWidth:true, fullHeight:false},mh:'0',onh:0,onw:0,bg:{color:'{\"orig\":\"transparent\",\"type\":\"solid\",\"string\":\"transparent\"}'},plType:'0',plColor:'#FFFFFF'});   SR7.PMH[\"SR7_22_1\"].state=true;} else if(SR7.PMH[\"SR7_22_1\"].cn-->0)\tsetTimeout( SR7.PMH[\"SR7_22_1\"].fn,19);}};SR7.PMH[\"SR7_22_1\" ].fn();\n\t\t\t\t<\/script>\n<\/div><\/div><\/div><\/div><div data-vc-full-width=\"true\" data-vc-full-width-temp=\"true\" data-vc-full-width-init=\"false\" class=\"vc_row wpb_row vc_row-fluid static_page_content\"><div class=\"wpb_column vc_column_container vc_col-sm-12\"><div class=\"vc_column-inner\"><div class=\"wpb_wrapper\">\n\t<div class=\"wpb_text_column wpb_content_element\" >\n\t\t<div class=\"wpb_wrapper\">\n\t\t\t<p>Domestic violence affects people across the world and social backgrounds every day, in both normal and crisis situations. UN statistics show that, globally, one in three women is a victim of physical aggression. However, in times of crisis, cases of domestic violence tend to escalate amid high tensions. The current crisis caused by the pandemic is no exception, especially in a country like Romania where, unfortunately, family abuse is often normalised. In 2019, the Romanian police registered <strong><span style=\"color: #ec6343;\">44.094<\/span><\/strong> cases of domestic violence and <span style=\"color: #ec6343;\"><strong>51 deaths<\/strong><\/span>.<\/p>\n\n\t\t<\/div>\n\t<\/div>\n<div class=\"vc_row wpb_row vc_inner vc_row-fluid\"><div class=\"wpb_column vc_column_container vc_col-sm-6\"><div class=\"vc_column-inner\"><div class=\"wpb_wrapper\">\n\t<div  class=\"wpb_single_image wpb_content_element vc_align_center wpb_content_element\">\n\t\t\n\t\t<figure class=\"wpb_wrapper vc_figure\">\n\t\t\t<div class=\"vc_single_image-wrapper   vc_box_border_grey\"><img loading=\"lazy\" decoding=\"async\" width=\"640\" height=\"153\" src=\"https:\/\/casaioana.org\/wp-content\/uploads\/2021\/02\/c19-img1-1024x245.jpg\" class=\"vc_single_image-img attachment-large\" alt=\"\" title=\"c19-img1\" srcset=\"https:\/\/casaioana.org\/wp-content\/uploads\/2021\/02\/c19-img1-1024x245.jpg 1024w, https:\/\/casaioana.org\/wp-content\/uploads\/2021\/02\/c19-img1-300x72.jpg 300w, https:\/\/casaioana.org\/wp-content\/uploads\/2021\/02\/c19-img1-768x184.jpg 768w, https:\/\/casaioana.org\/wp-content\/uploads\/2021\/02\/c19-img1.jpg 1200w\" sizes=\"auto, (max-width: 640px) 100vw, 640px\" \/><\/div>\n\t\t<\/figure>\n\t<\/div>\n<\/div><\/div><\/div><div class=\"wpb_column vc_column_container vc_col-sm-6\"><div class=\"vc_column-inner\"><div class=\"wpb_wrapper\">\n\t<div  class=\"wpb_single_image wpb_content_element vc_align_center wpb_content_element\">\n\t\t\n\t\t<figure class=\"wpb_wrapper vc_figure\">\n\t\t\t<div class=\"vc_single_image-wrapper   vc_box_border_grey\"><img loading=\"lazy\" decoding=\"async\" width=\"640\" height=\"153\" src=\"https:\/\/casaioana.org\/wp-content\/uploads\/2021\/02\/c19-img2-1024x245.jpg\" class=\"vc_single_image-img attachment-large\" alt=\"\" title=\"c19-img2\" srcset=\"https:\/\/casaioana.org\/wp-content\/uploads\/2021\/02\/c19-img2-1024x245.jpg 1024w, https:\/\/casaioana.org\/wp-content\/uploads\/2021\/02\/c19-img2-300x72.jpg 300w, https:\/\/casaioana.org\/wp-content\/uploads\/2021\/02\/c19-img2-768x184.jpg 768w, https:\/\/casaioana.org\/wp-content\/uploads\/2021\/02\/c19-img2.jpg 1200w\" sizes=\"auto, (max-width: 640px) 100vw, 640px\" \/><\/div>\n\t\t<\/figure>\n\t<\/div>\n<\/div><\/div><\/div><\/div>\n\t<div class=\"wpb_text_column wpb_content_element\" >\n\t\t<div class=\"wpb_wrapper\">\n\t\t\t<p>Statistics from 2018 show that 24% of Romanian women have suffered a form of violence coming from their partner, while 28% of them know other victims amongst their friends and relatives. Only 47% of the surveyed women were aware of the legislation protecting them from domestic violence and 74% were unaware of the existence of a specialised support system.<\/p>\n\n\t\t<\/div>\n\t<\/div>\n\n\t<div  class=\"wpb_single_image wpb_content_element vc_align_center wpb_content_element\">\n\t\t\n\t\t<figure class=\"wpb_wrapper vc_figure\">\n\t\t\t<div class=\"vc_single_image-wrapper   vc_box_border_grey\"><img loading=\"lazy\" decoding=\"async\" width=\"640\" height=\"339\" src=\"https:\/\/casaioana.org\/wp-content\/uploads\/2021\/02\/c19-img3-1024x543.jpg\" class=\"vc_single_image-img attachment-large\" alt=\"\" title=\"c19-img3\" srcset=\"https:\/\/casaioana.org\/wp-content\/uploads\/2021\/02\/c19-img3-1024x543.jpg 1024w, https:\/\/casaioana.org\/wp-content\/uploads\/2021\/02\/c19-img3-300x159.jpg 300w, https:\/\/casaioana.org\/wp-content\/uploads\/2021\/02\/c19-img3-768x407.jpg 768w, https:\/\/casaioana.org\/wp-content\/uploads\/2021\/02\/c19-img3.jpg 1200w\" sizes=\"auto, (max-width: 640px) 100vw, 640px\" \/><\/div>\n\t\t<\/figure>\n\t<\/div>\n\n\t<div class=\"wpb_text_column wpb_content_element\" >\n\t\t<div class=\"wpb_wrapper\">\n\t\t\t<p>The movement restrictions caused by the COVID-19 pandemic have had an impact on everyone\u2019s lives, but a particularly dramatic one on the lives of domestic violence victims. Romania did not deviate from the global trend and reported an increase in the number of cases soon after the restrictions were enforced. The National Agency for Equal Chances (ANES) highlighted that the number of calls to the special line dedicated to reporting cases of domestic violence doubled in the first month of lockdown (in comparison to the same period last year). As a new generation suffers from the horrors of domestic violence, the effects of the lockdown are likely to continue even after the lifting of movement restrictions.<\/p>\n\n\t\t<\/div>\n\t<\/div>\n<\/div><\/div><\/div><\/div><div class=\"vc_row-full-width vc_clearfix\"><\/div>\n<\/div>","protected":false},"excerpt":{"rendered":"COVID-19 Num\u0103r unic na\u021bional de urgen\u021b\u0103 24\/7: 0800 500 333 Apeleaz\u0103 112 dac\u0103 tu sau o persoan\u0103 cunoscut\u0103 sunte\u021bi \u00een pericol Domestic violence affects people across the world and social backgrounds every day, in both normal and crisis situations. Domestic violence affects people across the world and social backgrounds every day, in both normal and [...]","protected":false},"author":2,"featured_media":0,"parent":0,"menu_order":0,"comment_status":"closed","ping_status":"closed","template":"","meta":{"footnotes":""},"class_list":["post-152","page","type-page","status-publish","hentry"],"_links":{"self":[{"href":"https:\/\/casaioana.org\/en\/wp-json\/wp\/v2\/pages\/152","targetHints":{"allow":["GET"]}}],"collection":[{"href":"https:\/\/casaioana.org\/en\/wp-json\/wp\/v2\/pages"}],"about":[{"href":"https:\/\/casaioana.org\/en\/wp-json\/wp\/v2\/types\/page"}],"author":[{"embeddable":true,"href":"https:\/\/casaioana.org\/en\/wp-json\/wp\/v2\/users\/2"}],"replies":[{"embeddable":true,"href":"https:\/\/casaioana.org\/en\/wp-json\/wp\/v2\/comments?post=152"}],"version-history":[{"count":0,"href":"https:\/\/casaioana.org\/en\/wp-json\/wp\/v2\/pages\/152\/revisions"}],"wp:attachment":[{"href":"https:\/\/casaioana.org\/en\/wp-json\/wp\/v2\/media?parent=152"}],"curies":[{"name":"wp","href":"https:\/\/api.w.org\/{rel}","templated":true}]}}