{"id":315,"date":"2021-02-10T17:20:27","date_gmt":"2021-02-10T17:20:27","guid":{"rendered":"https:\/\/casaioana.org\/\/?page_id=315"},"modified":"2021-02-16T12:45:57","modified_gmt":"2021-02-16T12:45:57","slug":"ways-to-give-redirect-3-5","status":"publish","type":"page","link":"https:\/\/casaioana.org\/en\/ways-to-give-redirect-3-5\/","title":{"rendered":"Ways to give - redirect 3.5%"},"content":{"rendered":"<div class=\"wpb-content-wrapper\"><div class=\"vc_row wpb_row vc_row-fluid page_banner\"><div class=\"wpb_column vc_column_container vc_col-sm-12\"><div class=\"vc_column-inner\"><div class=\"wpb_wrapper\">\n\t\t\t\t<p class=\"rs-p-wp-fix\"><\/p>\n\t\t\t\t<sr7-module data-alias=\"ways-to-give-2\" data-id=\"17\" id=\"SR7_17_1\" class=\"rs-ov-hidden\" data-version=\"6.7.54\">\n\t\t\t\t\t<sr7-adjuster><\/sr7-adjuster>\n\t\t\t\t\t<sr7-content>\n\t\t\t\t\t\t<sr7-slide id=\"SR7_17_1-6\" data-key=\"6\">\n\t\t\t\t\t\t\t<sr7-bg id=\"SR7_17_1-6-4\" class=\"sr7-layer\"><noscript><img decoding=\"async\" src=\"https:\/\/casaioana.lucianandpartners.ro\/wp-content\/uploads\/2021\/02\/pretty-sister-spending-time-with-her-baby-brother-sitting-floor-bedroom-beautiful-young-babysitter-playing-with-little-boy-indoors-holding-stuffed-toy-duck-infancy-childcare-motherhood.jpg\" alt=\"\" title=\"Pretty sister spending time with her baby brother, sitting on floor in bedroom. Beautiful young babysitter playing with little boy indoors, holding stuffed toy duck. Infancy, childcare and motherhood\"><\/noscript><\/sr7-bg>\n\t\t\t\t\t\t\t<sr7-txt id=\"SR7_17_1-6-1\" class=\"sr7-layer\">Ways to give - REDIRECT 3.5% OF\nYOUR INCOME TAX TO CASA IOANA!<\/sr7-txt>\n\t\t\t\t\t\t\t<sr7-txt id=\"SR7_17_1-6-3\" class=\"sr7-layer\"><i class=\"fas fa-arrow-right\"><\/i> Num\u0103r unic na\u021bional de urgen\u021b\u0103 24\/7: 0800 500 333\n<i class=\"fas fa-arrow-right\"><\/i>  Apeleaz\u0103  112 dac\u0103 tu sau o persoan\u0103 cunoscut\u0103 sunte\u021bi \u00een pericol<\/sr7-txt>\n\t\t\t\t\t\t<\/sr7-slide>\n\t\t\t\t\t\t<sr7-slide id=\"SR7_17_1-17\" data-key=\"17\">\n\t\t\t\t\t\t<\/sr7-slide>\n\t\t\t\t\t<\/sr7-content>\n\t\t\t\t\t<image_lists style=\"display:none\">\n\t\t\t\t\t\t<img data-src=\"\/\/casaioana.lucianandpartners.ro\/wp-content\/uploads\/2021\/02\/pretty-sister-spending-time-with-her-baby-brother-sitting-floor-bedroom-beautiful-young-babysitter-playing-with-little-boy-indoors-holding-stuffed-toy-duck-infancy-childcare-motherhood.jpg\" data-libid=\"281\" data-lib=\"medialibrary\" title=\"Pretty sister spending time with her baby brother, sitting on floor in bedroom. Beautiful young babysitter playing with little boy indoors, holding stuffed toy duck. Infancy, childcare and motherhood\" width=\"0\" height=\"0\" data-dbsrc=\"Ly9jYXNhaW9hbmEubHVjaWFuYW5kcGFydG5lcnMucm8vd3AtY29udGVudC91cGxvYWRzLzIwMjEvMDIvcHJldHR5LXNpc3Rlci1zcGVuZGluZy10aW1lLXdpdGgtaGVyLWJhYnktYnJvdGhlci1zaXR0aW5nLWZsb29yLWJlZHJvb20tYmVhdXRpZnVsLXlvdW5nLWJhYnlzaXR0ZXItcGxheWluZy13aXRoLWxpdHRsZS1ib3ktaW5kb29ycy1ob2xkaW5nLXN0dWZmZWQtdG95LWR1Y2staW5mYW5jeS1jaGlsZGNhcmUtbW90aGVyaG9vZC5qcGc=\"\/>\n\t\t\t\t\t<\/image_lists>\n\t\t\t\t<\/sr7-module>\n\t\t\t\t<script>\n\t\t\t\t\twindow.SR7 ??={};SR7.PMH ??={}; SR7.PMH[\"SR7_17_1\"] = {cn:100,state:false,fn: function() { if (window._tpt!==undefined && window._tpt.prepareModuleHeight !== undefined) {  _tpt.prepareModuleHeight({id:\"SR7_17_1\",el:[500,500,768,960,720],type:'standard',shdw:'0',gh:[500,500,,,],gw:[1240,1240,1024,778,480],vpt:['-200px'],size:{fullWidth:true, fullHeight:false},mh:'0',onh:0,onw:0,bg:{color:'{\"orig\":\"transparent\",\"type\":\"solid\",\"string\":\"transparent\"}'},plType:'0',plColor:'#FFFFFF'});   SR7.PMH[\"SR7_17_1\"].state=true;} else if(SR7.PMH[\"SR7_17_1\"].cn-->0)\tsetTimeout( SR7.PMH[\"SR7_17_1\"].fn,19);}};SR7.PMH[\"SR7_17_1\" ].fn();\n\t\t\t\t<\/script>\n<\/div><\/div><\/div><\/div><div data-vc-full-width=\"true\" data-vc-full-width-temp=\"true\" data-vc-full-width-init=\"false\" class=\"vc_row wpb_row vc_row-fluid white_background static_page_content\"><div class=\"wpb_column vc_column_container vc_col-sm-12\"><div class=\"vc_column-inner\"><div class=\"wpb_wrapper\"><div class=\"vc_empty_space\"   style=\"height: 32px\"><span class=\"vc_empty_space_inner\"><\/span><\/div><h2 style=\"color: #eb6343;text-align: center;font-family:Abril Fatface;font-weight:400;font-style:normal\" class=\"vc_custom_heading vc_do_custom_heading\" >Sometimes it takes only one act of kindness<br \/>\nand caring to change a person\u2019s life.<\/h2><div class=\"vc_empty_space\"   style=\"height: 32px\"><span class=\"vc_empty_space_inner\"><\/span><\/div>\n\t<div class=\"wpb_raw_code wpb_raw_html wpb_content_element\" >\n\t\t<div class=\"wpb_wrapper\">\n\t\t\t<div class=\"domestic_services\">\n<div>If you obtain an income from:<\/div>\n<ul>\n<li><i class=\"fas fa-caret-right\"><\/i> <span>a salary or salaries<\/\nspan><\/li>\n<li><i class=\"fas fa-caret-right\"><\/i> <span>a pension<\/\nspan><\/li>\n<li><i class=\"fas fa-caret-right\"><\/i> <span>an independent activities \/ agricultural activities, imposed on the basis of income norm<\/\nspan><\/li>\n<li><i class=\"fas fa-caret-right\"><\/i> <span>independent activities carried out on the basis of sports activity contracts, for which the tax is withheld at source<\/\nspan><\/li>\n<li><i class=\"fas fa-caret-right\"><\/i> <span>intellectual property rights, other than those for which the net income is determined in a real way<\/\nspan><\/li>\n<li><i class=\"fas fa-caret-right\"><\/i> <span>the transfer of the use of the goods, for which the net income is determined on the basis of flat rates of expenditure or on the basis of income<\/\nspan><\/li>\n\n<\/ul>\n<\/div>\n\t\t<\/div>\n\t<\/div>\n\n\t<div class=\"wpb_text_column wpb_content_element\" >\n\t\t<div class=\"wpb_wrapper\">\n\t\t\t<p>Then the law allows you to redirect 3.5% of your income tax to Casa Ioana! The deadline for submitting your Form 230 is: <strong><span style=\"color: #eb6343;\">May 25, 2021<\/span><\/strong>.<\/p>\n\n\t\t<\/div>\n\t<\/div>\n<\/div><\/div><\/div><\/div><div class=\"vc_row-full-width vc_clearfix\"><\/div><div data-vc-full-width=\"true\" data-vc-full-width-temp=\"true\" data-vc-full-width-init=\"false\" class=\"vc_row wpb_row vc_row-fluid white_background\"><div class=\"wpb_column vc_column_container vc_col-sm-12\"><div class=\"vc_column-inner\"><div class=\"wpb_wrapper\"><div class=\"vc_row wpb_row vc_inner vc_row-fluid\"><div class=\"wpb_column vc_column_container vc_col-sm-3\"><div class=\"vc_column-inner\"><div class=\"wpb_wrapper\">\n\t<div class=\"wpb_raw_code wpb_raw_html wpb_content_element\" >\n\t\t<div class=\"wpb_wrapper\">\n\t\t\t<div class=\"ways2_title\">1. Complete Form 230<\/div>\n<div class=\"ways2_text\">Download Form 230 in pdf format<\/div>\n\t\t<\/div>\n\t<\/div>\n<div class=\"vc_btn3-container  button vc_btn3-inline vc_do_btn\" ><button class=\"vc_general vc_btn3 vc_btn3-size-md vc_btn3-shape-rounded vc_btn3-style-modern vc_btn3-color-grey\">Download!<\/button><\/div><\/div><\/div><\/div><div class=\"wpb_column vc_column_container vc_col-sm-9\"><div class=\"vc_column-inner\"><div class=\"wpb_wrapper\">\n\t<div  class=\"wpb_single_image wpb_content_element vc_align_left wpb_content_element\">\n\t\t\n\t\t<figure class=\"wpb_wrapper vc_figure\">\n\t\t\t<div class=\"vc_single_image-wrapper   vc_box_border_grey\"><img loading=\"lazy\" decoding=\"async\" width=\"1200\" height=\"476\" src=\"https:\/\/casaioana.org\/wp-content\/uploads\/2021\/02\/w2_2.jpg\" class=\"vc_single_image-img attachment-full\" alt=\"\" title=\"w2_2\" srcset=\"https:\/\/casaioana.org\/wp-content\/uploads\/2021\/02\/w2_2.jpg 1200w, https:\/\/casaioana.org\/wp-content\/uploads\/2021\/02\/w2_2-300x119.jpg 300w, https:\/\/casaioana.org\/wp-content\/uploads\/2021\/02\/w2_2-1024x406.jpg 1024w, https:\/\/casaioana.org\/wp-content\/uploads\/2021\/02\/w2_2-768x305.jpg 768w\" sizes=\"auto, (max-width: 1200px) 100vw, 1200px\" \/><\/div>\n\t\t<\/figure>\n\t<\/div>\n<\/div><\/div><\/div><\/div>\n\t<div class=\"wpb_text_column wpb_content_element\" >\n\t\t<div class=\"wpb_wrapper\">\n\t\t\t<p>Note: If you are self-employed, you also need to complete Form 230 to redirect 3.5% of your income tax.<\/p>\n\n\t\t<\/div>\n\t<\/div>\n<div class=\"vc_row wpb_row vc_inner vc_row-fluid\"><div class=\"wpb_column vc_column_container vc_col-sm-3\"><div class=\"vc_column-inner\"><div class=\"wpb_wrapper\">\n\t<div class=\"wpb_raw_code wpb_raw_html wpb_content_element\" >\n\t\t<div class=\"wpb_wrapper\">\n\t\t\t<div class=\"ways2_title\">2. Fill in Form 230 online<\/div>\n<div class=\"ways2_text\">Easily fill in Form 230 online. Once you have\ncompleted the form, you can print and sign it.<\/div>\n\t\t<\/div>\n\t<\/div>\n<div class=\"vc_btn3-container  button vc_btn3-inline vc_do_btn\" ><button class=\"vc_general vc_btn3 vc_btn3-size-md vc_btn3-shape-rounded vc_btn3-style-modern vc_btn3-color-grey\">Fill in form 230 Online<\/button><\/div><\/div><\/div><\/div><div class=\"wpb_column vc_column_container vc_col-sm-9\"><div class=\"vc_column-inner\"><div class=\"wpb_wrapper\">\n\t<div  class=\"wpb_single_image wpb_content_element vc_align_left wpb_content_element\">\n\t\t\n\t\t<figure class=\"wpb_wrapper vc_figure\">\n\t\t\t<div class=\"vc_single_image-wrapper   vc_box_border_grey\"><img loading=\"lazy\" decoding=\"async\" width=\"1200\" height=\"411\" src=\"https:\/\/casaioana.org\/wp-content\/uploads\/2021\/02\/w2_1.jpg\" class=\"vc_single_image-img attachment-full\" alt=\"\" title=\"w2_1\" srcset=\"https:\/\/casaioana.org\/wp-content\/uploads\/2021\/02\/w2_1.jpg 1200w, https:\/\/casaioana.org\/wp-content\/uploads\/2021\/02\/w2_1-300x103.jpg 300w, https:\/\/casaioana.org\/wp-content\/uploads\/2021\/02\/w2_1-1024x351.jpg 1024w, https:\/\/casaioana.org\/wp-content\/uploads\/2021\/02\/w2_1-768x263.jpg 768w\" sizes=\"auto, (max-width: 1200px) 100vw, 1200px\" \/><\/div>\n\t\t<\/figure>\n\t<\/div>\n<\/div><\/div><\/div><\/div>\n\t<div class=\"wpb_text_column wpb_content_element\" >\n\t\t<div class=\"wpb_wrapper\">\n\t\t\t<p>You can search for the location of your local tax office <a href=\"#\">here<\/a>.<br \/>\nYou can read LAW Nr. 571\/22.12.2003 regarding the Fiscal Code <a href=\"#\">here<\/a>.<\/p>\n\n\t\t<\/div>\n\t<\/div>\n<\/div><\/div><\/div><\/div><div class=\"vc_row-full-width vc_clearfix\"><\/div><div data-vc-full-width=\"true\" data-vc-full-width-temp=\"true\" data-vc-full-width-init=\"false\" class=\"vc_row wpb_row vc_row-fluid white_background\"><div class=\"wpb_column vc_column_container vc_col-sm-12\"><div class=\"vc_column-inner\"><div class=\"wpb_wrapper\"><div class=\"vc_empty_space\"   style=\"height: 50px\"><span class=\"vc_empty_space_inner\"><\/span><\/div><h2 style=\"color: #eb6343;text-align: center;font-family:Abril Fatface;font-weight:400;font-style:normal\" class=\"vc_custom_heading vc_do_custom_heading\" >I give because a small contribution from me can<br \/>\nmake a big difference to others<\/h2><div class=\"vc_empty_space\"   style=\"height: 100px\"><span class=\"vc_empty_space_inner\"><\/span><\/div><\/div><\/div><\/div><\/div><div class=\"vc_row-full-width vc_clearfix\"><\/div>\n<\/div>","protected":false},"excerpt":{"rendered":"Ways to give - REDIRECT 3.5% OF YOUR INCOME TAX TO CASA IOANA! Num\u0103r unic na\u021bional de urgen\u021b\u0103 24\/7: 0800 500 333 Apeleaz\u0103 112 dac\u0103 tu sau o persoan\u0103 cunoscut\u0103 sunte\u021bi \u00een pericol Sometimes it takes only one act of kindness and caring to change a person\u2019s life. If you obtain an income from: a [...]","protected":false},"author":2,"featured_media":0,"parent":0,"menu_order":0,"comment_status":"closed","ping_status":"closed","template":"","meta":{"footnotes":""},"class_list":["post-315","page","type-page","status-publish","hentry"],"_links":{"self":[{"href":"https:\/\/casaioana.org\/en\/wp-json\/wp\/v2\/pages\/315","targetHints":{"allow":["GET"]}}],"collection":[{"href":"https:\/\/casaioana.org\/en\/wp-json\/wp\/v2\/pages"}],"about":[{"href":"https:\/\/casaioana.org\/en\/wp-json\/wp\/v2\/types\/page"}],"author":[{"embeddable":true,"href":"https:\/\/casaioana.org\/en\/wp-json\/wp\/v2\/users\/2"}],"replies":[{"embeddable":true,"href":"https:\/\/casaioana.org\/en\/wp-json\/wp\/v2\/comments?post=315"}],"version-history":[{"count":0,"href":"https:\/\/casaioana.org\/en\/wp-json\/wp\/v2\/pages\/315\/revisions"}],"wp:attachment":[{"href":"https:\/\/casaioana.org\/en\/wp-json\/wp\/v2\/media?parent=315"}],"curies":[{"name":"wp","href":"https:\/\/api.w.org\/{rel}","templated":true}]}}