{"id":344,"date":"2021-02-10T17:48:33","date_gmt":"2021-02-10T17:48:33","guid":{"rendered":"https:\/\/casaioana.org\/\/?page_id=344"},"modified":"2025-07-15T13:41:35","modified_gmt":"2025-07-15T13:41:35","slug":"volunteer","status":"publish","type":"page","link":"https:\/\/casaioana.org\/en\/volunteer\/","title":{"rendered":"Volunteer"},"content":{"rendered":"<div class=\"wpb-content-wrapper\"><div class=\"vc_row wpb_row vc_row-fluid page_banner\"><div class=\"wpb_column vc_column_container vc_col-sm-12\"><div class=\"vc_column-inner\"><div class=\"wpb_wrapper\">\n\t\t\t\t<p class=\"rs-p-wp-fix\"><\/p>\n\t\t\t\t<sr7-module data-alias=\"volunteer\" data-id=\"14\" id=\"SR7_14_1\" class=\"rs-ov-hidden\" data-version=\"6.7.53\">\n\t\t\t\t\t<sr7-adjuster><\/sr7-adjuster>\n\t\t\t\t\t<sr7-content>\n\t\t\t\t\t\t<sr7-slide id=\"SR7_14_1-4\" data-key=\"4\">\n\t\t\t\t\t\t\t<sr7-bg id=\"SR7_14_1-4-4\" class=\"sr7-layer\"><noscript><img decoding=\"async\" src=\"https:\/\/casaioana.lucianandpartners.ro\/wp-content\/uploads\/2021\/02\/pexels-visionpic-net-3036405.jpg\" alt=\"\" title=\"pexels-visionpic-net-3036405\"><\/noscript><\/sr7-bg>\n\t\t\t\t\t\t\t<sr7-txt id=\"SR7_14_1-4-1\" class=\"sr7-layer\">Voluntariat<\/sr7-txt>\n\t\t\t\t\t\t\t<sr7-txt id=\"SR7_14_1-4-2\" class=\"sr7-layer\">Timpul, talentele \u0219i angajamentul t\u0103u ne ajut\u0103 s\u0103 oferim supravie\u021buitorilor violen\u021bei domestice \u0219i copiilor lor control asupra propriilor vie\u021bi.\n<\/sr7-txt>\n\t\t\t\t\t\t\t<sr7-txt id=\"SR7_14_1-4-3\" class=\"sr7-layer\"><i class=\"fas fa-arrow-right\"><\/i> Num\u0103r unic na\u021bional de urgen\u021b\u0103 24\/7: 0800 500 333\n<i class=\"fas fa-arrow-right\"><\/i>  Apeleaz\u0103  112 dac\u0103 tu sau o persoan\u0103 cunoscut\u0103 sunte\u021bi \u00een pericol<\/sr7-txt>\n\t\t\t\t\t\t<\/sr7-slide>\n\t\t\t\t\t\t<sr7-slide id=\"SR7_14_1-15\" data-key=\"15\">\n\t\t\t\t\t\t<\/sr7-slide>\n\t\t\t\t\t<\/sr7-content>\n\t\t\t\t\t<image_lists style=\"display:none\">\n\t\t\t\t\t\t<img data-src=\"\/\/casaioana.lucianandpartners.ro\/wp-content\/uploads\/2021\/02\/pexels-visionpic-net-3036405.jpg\" data-libid=\"343\" data-lib=\"medialibrary\" title=\"pexels-visionpic-net-3036405\" width=\"0\" height=\"0\" data-dbsrc=\"Ly9jYXNhaW9hbmEubHVjaWFuYW5kcGFydG5lcnMucm8vd3AtY29udGVudC91cGxvYWRzLzIwMjEvMDIvcGV4ZWxzLXZpc2lvbnBpYy1uZXQtMzAzNjQwNS5qcGc=\"\/>\n\t\t\t\t\t<\/image_lists>\n\t\t\t\t<\/sr7-module>\n\t\t\t\t<script>\n\t\t\t\t\twindow.SR7 ??={};SR7.PMH ??={}; SR7.PMH[\"SR7_14_1\"] = {cn:100,state:false,fn: function() { if (window._tpt!==undefined && window._tpt.prepareModuleHeight !== undefined) {  _tpt.prepareModuleHeight({id:\"SR7_14_1\",el:[500,500,768,960,720],type:'standard',shdw:'0',gh:[500,500,,,],gw:[1240,1240,1024,778,480],vpt:['-200px'],size:{fullWidth:true, fullHeight:false},mh:'0',onh:0,onw:0,bg:{color:'{\"orig\":\"transparent\",\"type\":\"solid\",\"string\":\"transparent\"}'},plType:'0',plColor:'#FFFFFF'});   SR7.PMH[\"SR7_14_1\"].state=true;} else if(SR7.PMH[\"SR7_14_1\"].cn-->0)\tsetTimeout( SR7.PMH[\"SR7_14_1\"].fn,19);}};SR7.PMH[\"SR7_14_1\" ].fn();\n\t\t\t\t<\/script>\n<\/div><\/div><\/div><\/div><div data-vc-full-width=\"true\" data-vc-full-width-temp=\"true\" data-vc-full-width-init=\"false\" class=\"vc_row wpb_row vc_row-fluid white_background static_page_content\"><div class=\"wpb_column vc_column_container vc_col-sm-12\"><div class=\"vc_column-inner\"><div class=\"wpb_wrapper\"><div class=\"vc_empty_space\"   style=\"height: 50px\"><span class=\"vc_empty_space_inner\"><\/span><\/div>\n\t<div class=\"wpb_raw_code wpb_raw_html wpb_content_element\" >\n\t\t<div class=\"wpb_wrapper\">\n\t\t\t<div class=\"page_quote_area orange\">\n<h2>\u201eCel mai bun mod de a te reg\u0103si este s\u0103 te pierzi\n\u00een slujba altora. \u201d <span>\u2013 Mahatma Gandhi<\/span><\/h2>\n<\/div>\n\t\t<\/div>\n\t<\/div>\n\n\t<div class=\"wpb_text_column wpb_content_element\" >\n\t\t<div class=\"wpb_wrapper\">\n\t\t\t<p align=\"JUSTIFY\"><span style=\"font-family: Arial, sans-serif;\">Timpul, talentul \u0219i implicarea ta ne ajut\u0103 s\u0103 red\u0103m supravie<\/span><span style=\"font-family: Arial, sans-serif;\"><span lang=\"ro-RO\">\u021buitorilor<\/span><\/span><span style=\"font-family: Arial, sans-serif;\"> violen\u021bei domestice controlul propriilor vie\u021bi.<\/span><\/p>\n\n\t\t<\/div>\n\t<\/div>\n<\/div><\/div><\/div><\/div><div class=\"vc_row-full-width vc_clearfix\"><\/div><div data-vc-full-width=\"true\" data-vc-full-width-temp=\"true\" data-vc-full-width-init=\"false\" class=\"vc_row wpb_row vc_row-fluid white_background\"><div class=\"wpb_column vc_column_container vc_col-sm-12\"><div class=\"vc_column-inner\"><div class=\"wpb_wrapper\"><div class=\"vc_empty_space\"   style=\"height: 32px\"><span class=\"vc_empty_space_inner\"><\/span><\/div>\n\t<div class=\"wpb_text_column wpb_content_element\" >\n\t\t<div class=\"wpb_wrapper\">\n\t\t\t<p><span style=\"color: #ff6600;\"><strong>Exist\u0103 multe modalit\u0103\u021bi de a ajuta<\/strong><\/span><\/p>\n<p align=\"JUSTIFY\"><span style=\"font-family: Arial, sans-serif;\">\u00ce\u021bi mul\u021bumim ca ai ales s\u0103 sus\u021bii Casa Ioana. Tot ceea ce facem este consolidat cu ajutorul voluntarilor no\u0219tri. Implicarea ta, ne ajut\u0103 s\u0103 salv\u0103m \u0219i s\u0103 schimb\u0103m vie\u021bi \u00een bine. Apreciem foarte mult contribu\u021bia ta \u0219i suntem foarte recunosc\u0103tori. Nu ne-am putea desf\u0103\u0219ura activitatea f\u0103r\u0103 sus\u021binerea ta \u0219i f\u0103r\u0103 campaniile de str\u00e2ngere de fonduri. Mul\u021bumim!<\/span><\/p>\n\n\t\t<\/div>\n\t<\/div>\n<div class=\"vc_row wpb_row vc_inner vc_row-fluid\"><div class=\"wpb_column vc_column_container vc_col-sm-4\"><div class=\"vc_column-inner\"><div class=\"wpb_wrapper\">\n\t<div  class=\"wpb_single_image wpb_content_element vc_align_left wpb_content_element\">\n\t\t\n\t\t<figure class=\"wpb_wrapper vc_figure\">\n\t\t\t<div class=\"vc_single_image-wrapper   vc_box_border_grey\"><img loading=\"lazy\" decoding=\"async\" width=\"640\" height=\"705\" src=\"https:\/\/casaioana.org\/wp-content\/uploads\/2021\/02\/volunteer1-930x1024.jpg\" class=\"vc_single_image-img attachment-large\" alt=\"\" title=\"volunteer1\" srcset=\"https:\/\/casaioana.org\/wp-content\/uploads\/2021\/02\/volunteer1-930x1024.jpg 930w, https:\/\/casaioana.org\/wp-content\/uploads\/2021\/02\/volunteer1-272x300.jpg 272w, https:\/\/casaioana.org\/wp-content\/uploads\/2021\/02\/volunteer1-768x846.jpg 768w, https:\/\/casaioana.org\/wp-content\/uploads\/2021\/02\/volunteer1.jpg 1200w\" sizes=\"auto, (max-width: 640px) 100vw, 640px\" \/><\/div>\n\t\t<\/figure>\n\t<\/div>\n<\/div><\/div><\/div><div class=\"wpb_column vc_column_container vc_col-sm-8\"><div class=\"vc_column-inner\"><div class=\"wpb_wrapper\">\n\t<div class=\"wpb_text_column wpb_content_element\" >\n\t\t<div class=\"wpb_wrapper\">\n\t\t\t<p style=\"text-align: left;\"><span style=\"color: #ff6600;\"><strong>AL\u0102TUR\u0102-TE CASEI IOANA<\/strong><\/span><\/p>\n<p align=\"JUSTIFY\"><span style=\"font-family: Arial, sans-serif;\">Voluntariatul nu este u\u0219or, dar este important.<\/span><\/p>\n<p align=\"JUSTIFY\"><span style=\"font-family: Arial, sans-serif;\">Devino parte din echipa noastr\u0103. Lucreaz\u0103 cu personalul \u0219i voluntarii no\u0219tri la centrul nostru pentru a ajuta familiile f\u0103r\u0103 adapost \u0219i supravie\u021buitorii abuzurilor domestice. Vei oferi servicii prin programele Casei Ioana. Cu siguran\u021b\u0103 munca ta conteaz\u0103.<\/span><\/p>\n<p>&nbsp;<\/p>\n<p><span style=\"color: #ff6600;\"><strong>Voluntariatul necesit\u0103 educa\u021bie<\/strong><\/span><\/p>\n<p align=\"JUSTIFY\"><span style=\"font-family: Arial, sans-serif;\">Pentru a lucra direct cu supravie\u021buitoarele \u0219i cu copiii lor este necesar\u0103 o \u00een\u021belegere deosebit\u0103 a felului \u00een care se manifest\u0103 abuzul familial. De-aceea ne rug\u0103m voluntarii s\u0103 completeze un chestionar de orientare pe care \u00eel punem la dispozi\u021bie.<\/span><\/p>\n\n\t\t<\/div>\n\t<\/div>\n<\/div><\/div><\/div><\/div><\/div><\/div><\/div><\/div><div class=\"vc_row-full-width vc_clearfix\"><\/div><div data-vc-full-width=\"true\" data-vc-full-width-temp=\"true\" data-vc-full-width-init=\"false\" data-vc-stretch-content=\"true\" class=\"vc_row wpb_row vc_row-fluid vc_custom_1612979778902 vc_row-no-padding\"><div class=\"wpb_column vc_column_container vc_col-sm-12\"><div class=\"vc_column-inner\"><div class=\"wpb_wrapper\"><div class=\"vc_separator wpb_content_element vc_separator_align_center vc_sep_width_100 vc_sep_pos_align_center vc_separator_no_text wpb_content_element  wpb_content_element\" ><span class=\"vc_sep_holder vc_sep_holder_l\"><span style=\"border-color:#eb6343;\" class=\"vc_sep_line\"><\/span><\/span><span class=\"vc_sep_holder vc_sep_holder_r\"><span style=\"border-color:#eb6343;\" class=\"vc_sep_line\"><\/span><\/span>\n<\/div><\/div><\/div><\/div><\/div><div class=\"vc_row-full-width vc_clearfix\"><\/div><div data-vc-full-width=\"true\" data-vc-full-width-temp=\"true\" data-vc-full-width-init=\"false\" class=\"vc_row wpb_row vc_row-fluid white_background\"><div class=\"wpb_column vc_column_container vc_col-sm-12\"><div class=\"vc_column-inner\"><div class=\"wpb_wrapper\">\n\t<div class=\"wpb_text_column wpb_content_element\" >\n\t\t<div class=\"wpb_wrapper\">\n\t\t\t<p><span style=\"color: #ff6600;\"><strong>Voluntariatul necesit\u0103 timp<\/strong><\/span><\/p>\n<p align=\"JUSTIFY\"><span style=\"font-family: Arial, sans-serif;\">Cerem implicare sincer\u0103 pentru a ne ajuta \u0219i pentru a sprijini femeile \u0219i copiii victime ale abuzului. Casa Ioana roag\u0103 fiecare voluntar s\u0103 dedice s\u0103pt\u0103m\u00e2nal minim dou\u0103 ore de activitate (c\u00e2nd este necesar) pentru cel putin \u0219ase luni \u0219i un total de 48 ore.<\/span><\/p>\n\n\t\t<\/div>\n\t<\/div>\n<div class=\"vc_row wpb_row vc_inner vc_row-fluid\"><div class=\"wpb_column vc_column_container vc_col-sm-4\"><div class=\"vc_column-inner\"><div class=\"wpb_wrapper\">\n\t<div  class=\"wpb_single_image wpb_content_element vc_align_center wpb_content_element\">\n\t\t\n\t\t<figure class=\"wpb_wrapper vc_figure\">\n\t\t\t<div class=\"vc_single_image-wrapper vc_box_rounded  vc_box_border_grey\"><img loading=\"lazy\" decoding=\"async\" width=\"435\" height=\"388\" src=\"https:\/\/casaioana.org\/wp-content\/uploads\/2021\/04\/01.svg\" class=\"vc_single_image-img attachment-full\" alt=\"\" title=\"01\" \/><\/div>\n\t\t<\/figure>\n\t<\/div>\n<\/div><\/div><\/div><div class=\"wpb_column vc_column_container vc_col-sm-4\"><div class=\"vc_column-inner\"><div class=\"wpb_wrapper\">\n\t<div  class=\"wpb_single_image wpb_content_element vc_align_center wpb_content_element\">\n\t\t\n\t\t<figure class=\"wpb_wrapper vc_figure\">\n\t\t\t<div class=\"vc_single_image-wrapper   vc_box_border_grey\"><img loading=\"lazy\" decoding=\"async\" width=\"434\" height=\"388\" src=\"https:\/\/casaioana.org\/wp-content\/uploads\/2021\/04\/02.svg\" class=\"vc_single_image-img attachment-full\" alt=\"\" title=\"02\" \/><\/div>\n\t\t<\/figure>\n\t<\/div>\n<\/div><\/div><\/div><div class=\"wpb_column vc_column_container vc_col-sm-4\"><div class=\"vc_column-inner\"><div class=\"wpb_wrapper\">\n\t<div  class=\"wpb_single_image wpb_content_element vc_align_center wpb_content_element\">\n\t\t\n\t\t<figure class=\"wpb_wrapper vc_figure\">\n\t\t\t<div class=\"vc_single_image-wrapper   vc_box_border_grey\"><img loading=\"lazy\" decoding=\"async\" width=\"434\" height=\"388\" src=\"https:\/\/casaioana.org\/wp-content\/uploads\/2021\/04\/03.svg\" class=\"vc_single_image-img attachment-full\" alt=\"\" title=\"03\" \/><\/div>\n\t\t<\/figure>\n\t<\/div>\n<\/div><\/div><\/div><\/div><div class=\"vc_empty_space\"   style=\"height: 32px\"><span class=\"vc_empty_space_inner\"><\/span><\/div><div class=\"vc_row wpb_row vc_inner vc_row-fluid\"><div class=\"wpb_column vc_column_container vc_col-sm-4\"><div class=\"vc_column-inner\"><div class=\"wpb_wrapper\">\n\t<div  class=\"wpb_single_image wpb_content_element vc_align_center wpb_content_element\">\n\t\t\n\t\t<figure class=\"wpb_wrapper vc_figure\">\n\t\t\t<div class=\"vc_single_image-wrapper   vc_box_border_grey\"><img loading=\"lazy\" decoding=\"async\" width=\"640\" height=\"640\" src=\"https:\/\/casaioana.org\/wp-content\/uploads\/2021\/04\/04.svg\" class=\"vc_single_image-img attachment-large\" alt=\"\" title=\"04\" srcset=\"https:\/\/casaioana.org\/wp-content\/uploads\/\/2021\/04\/04.svg 150w, https:\/\/casaioana.org\/wp-content\/uploads\/\/2021\/04\/04.svg 300w, https:\/\/casaioana.org\/wp-content\/uploads\/\/2021\/04\/04.svg 1024w, https:\/\/casaioana.org\/wp-content\/uploads\/\/2021\/04\/04.svg 120w, https:\/\/casaioana.org\/wp-content\/uploads\/\/2021\/04\/04.svg 1536w, https:\/\/casaioana.org\/wp-content\/uploads\/\/2021\/04\/04.svg 2048w\" sizes=\"auto, (max-width: 640px) 100vw, 640px\" \/><\/div>\n\t\t<\/figure>\n\t<\/div>\n<\/div><\/div><\/div><div class=\"wpb_column vc_column_container vc_col-sm-4\"><div class=\"vc_column-inner\"><div class=\"wpb_wrapper\">\n\t<div  class=\"wpb_single_image wpb_content_element vc_align_center wpb_content_element\">\n\t\t\n\t\t<figure class=\"wpb_wrapper vc_figure\">\n\t\t\t<div class=\"vc_single_image-wrapper   vc_box_border_grey\"><img loading=\"lazy\" decoding=\"async\" width=\"640\" height=\"640\" src=\"https:\/\/casaioana.org\/wp-content\/uploads\/2021\/04\/05.svg\" class=\"vc_single_image-img attachment-large\" alt=\"\" title=\"05\" srcset=\"https:\/\/casaioana.org\/wp-content\/uploads\/\/2021\/04\/05.svg 150w, https:\/\/casaioana.org\/wp-content\/uploads\/\/2021\/04\/05.svg 300w, https:\/\/casaioana.org\/wp-content\/uploads\/\/2021\/04\/05.svg 1024w, https:\/\/casaioana.org\/wp-content\/uploads\/\/2021\/04\/05.svg 120w, https:\/\/casaioana.org\/wp-content\/uploads\/\/2021\/04\/05.svg 1536w, https:\/\/casaioana.org\/wp-content\/uploads\/\/2021\/04\/05.svg 2048w\" sizes=\"auto, (max-width: 640px) 100vw, 640px\" \/><\/div>\n\t\t<\/figure>\n\t<\/div>\n<\/div><\/div><\/div><div class=\"wpb_column vc_column_container vc_col-sm-4\"><div class=\"vc_column-inner\"><div class=\"wpb_wrapper\">\n\t<div  class=\"wpb_single_image wpb_content_element vc_align_center wpb_content_element\">\n\t\t\n\t\t<figure class=\"wpb_wrapper vc_figure\">\n\t\t\t<div class=\"vc_single_image-wrapper   vc_box_border_grey\"><img loading=\"lazy\" decoding=\"async\" width=\"640\" height=\"640\" src=\"https:\/\/casaioana.org\/wp-content\/uploads\/2021\/04\/06.svg\" class=\"vc_single_image-img attachment-large\" alt=\"\" title=\"06\" srcset=\"https:\/\/casaioana.org\/wp-content\/uploads\/\/2021\/04\/06.svg 150w, https:\/\/casaioana.org\/wp-content\/uploads\/\/2021\/04\/06.svg 300w, https:\/\/casaioana.org\/wp-content\/uploads\/\/2021\/04\/06.svg 1024w, https:\/\/casaioana.org\/wp-content\/uploads\/\/2021\/04\/06.svg 120w, https:\/\/casaioana.org\/wp-content\/uploads\/\/2021\/04\/06.svg 1536w, https:\/\/casaioana.org\/wp-content\/uploads\/\/2021\/04\/06.svg 2048w\" sizes=\"auto, (max-width: 640px) 100vw, 640px\" \/><\/div>\n\t\t<\/figure>\n\t<\/div>\n<\/div><\/div><\/div><\/div>\n\t<div class=\"wpb_text_column wpb_content_element\" >\n\t\t<div class=\"wpb_wrapper\">\n\t\t\t<p align=\"JUSTIFY\"><span style=\"font-family: Arial, sans-serif;\">Pentru voluntariat la Casa Ioana sau pentru mai multe detalii, v\u0103 rugam s\u0103 ne contacta\u021bi la +40 0760 249 390 sau prin e-mail la <a href=\"mailto:office@casaioana.org\">office@casaioana.org<\/a><\/span><\/p>\n\n\t\t<\/div>\n\t<\/div>\n<div class=\"vc_row wpb_row vc_inner vc_row-fluid\"><div class=\"wpb_column vc_column_container vc_col-sm-6\"><div class=\"vc_column-inner\"><div class=\"wpb_wrapper\">\n\t<div  class=\"wpb_single_image wpb_content_element vc_align_left wpb_content_element\">\n\t\t\n\t\t<figure class=\"wpb_wrapper vc_figure\">\n\t\t\t<div class=\"vc_single_image-wrapper   vc_box_border_grey\"><img loading=\"lazy\" decoding=\"async\" width=\"640\" height=\"210\" src=\"https:\/\/casaioana.org\/wp-content\/uploads\/2021\/02\/v_contact2-1024x336.jpg\" class=\"vc_single_image-img attachment-large\" alt=\"\" title=\"v_contact2\" srcset=\"https:\/\/casaioana.org\/wp-content\/uploads\/2021\/02\/v_contact2-1024x336.jpg 1024w, https:\/\/casaioana.org\/wp-content\/uploads\/2021\/02\/v_contact2-300x98.jpg 300w, https:\/\/casaioana.org\/wp-content\/uploads\/2021\/02\/v_contact2-768x252.jpg 768w, https:\/\/casaioana.org\/wp-content\/uploads\/2021\/02\/v_contact2-1536x503.jpg 1536w, https:\/\/casaioana.org\/wp-content\/uploads\/2021\/02\/v_contact2-2048x671.jpg 2048w\" sizes=\"auto, (max-width: 640px) 100vw, 640px\" \/><\/div>\n\t\t<\/figure>\n\t<\/div>\n<\/div><\/div><\/div><div class=\"wpb_column vc_column_container vc_col-sm-6\"><div class=\"vc_column-inner\"><div class=\"wpb_wrapper\">\n\t<div  class=\"wpb_single_image wpb_content_element vc_align_left wpb_content_element\">\n\t\t\n\t\t<figure class=\"wpb_wrapper vc_figure\">\n\t\t\t<div class=\"vc_single_image-wrapper   vc_box_border_grey\"><img loading=\"lazy\" decoding=\"async\" width=\"640\" height=\"210\" src=\"https:\/\/casaioana.org\/wp-content\/uploads\/2021\/02\/v_contact2-1024x336.jpg\" class=\"vc_single_image-img attachment-large\" alt=\"\" title=\"v_contact2\" srcset=\"https:\/\/casaioana.org\/wp-content\/uploads\/2021\/02\/v_contact2-1024x336.jpg 1024w, https:\/\/casaioana.org\/wp-content\/uploads\/2021\/02\/v_contact2-300x98.jpg 300w, https:\/\/casaioana.org\/wp-content\/uploads\/2021\/02\/v_contact2-768x252.jpg 768w, https:\/\/casaioana.org\/wp-content\/uploads\/2021\/02\/v_contact2-1536x503.jpg 1536w, https:\/\/casaioana.org\/wp-content\/uploads\/2021\/02\/v_contact2-2048x671.jpg 2048w\" sizes=\"auto, (max-width: 640px) 100vw, 640px\" \/><\/div>\n\t\t<\/figure>\n\t<\/div>\n<\/div><\/div><\/div><\/div><\/div><\/div><\/div><\/div><div class=\"vc_row-full-width vc_clearfix\"><\/div>\n<\/div>","protected":false},"excerpt":{"rendered":"Voluntariat Timpul, talentele \u0219i angajamentul t\u0103u ne ajut\u0103 s\u0103 oferim supravie\u021buitorilor violen\u021bei domestice \u0219i copiilor lor control asupra propriilor vie\u021bi. Num\u0103r unic na\u021bional de urgen\u021b\u0103 24\/7: 0800 500 333 Apeleaz\u0103 112 dac\u0103 tu sau o persoan\u0103 cunoscut\u0103 sunte\u021bi \u00een pericol \u201eCel mai bun mod de a te reg\u0103si este s\u0103 te pierzi \u00een slujba altora. [...]","protected":false},"author":2,"featured_media":0,"parent":0,"menu_order":0,"comment_status":"closed","ping_status":"closed","template":"","meta":{"footnotes":""},"class_list":["post-344","page","type-page","status-publish","hentry"],"_links":{"self":[{"href":"https:\/\/casaioana.org\/en\/wp-json\/wp\/v2\/pages\/344","targetHints":{"allow":["GET"]}}],"collection":[{"href":"https:\/\/casaioana.org\/en\/wp-json\/wp\/v2\/pages"}],"about":[{"href":"https:\/\/casaioana.org\/en\/wp-json\/wp\/v2\/types\/page"}],"author":[{"embeddable":true,"href":"https:\/\/casaioana.org\/en\/wp-json\/wp\/v2\/users\/2"}],"replies":[{"embeddable":true,"href":"https:\/\/casaioana.org\/en\/wp-json\/wp\/v2\/comments?post=344"}],"version-history":[{"count":0,"href":"https:\/\/casaioana.org\/en\/wp-json\/wp\/v2\/pages\/344\/revisions"}],"wp:attachment":[{"href":"https:\/\/casaioana.org\/en\/wp-json\/wp\/v2\/media?parent=344"}],"curies":[{"name":"wp","href":"https:\/\/api.w.org\/{rel}","templated":true}]}}