{"id":405,"date":"2021-02-17T07:13:02","date_gmt":"2021-02-17T07:13:02","guid":{"rendered":"https:\/\/casaioana.org\/\/?page_id=405"},"modified":"2021-04-22T08:12:11","modified_gmt":"2021-04-22T08:12:11","slug":"contact-2","status":"publish","type":"page","link":"https:\/\/casaioana.org\/en\/contact-2\/","title":{"rendered":"Contact"},"content":{"rendered":"<div class=\"wpb-content-wrapper\"><div class=\"vc_row wpb_row vc_row-fluid page_banner\"><div class=\"wpb_column vc_column_container vc_col-sm-12\"><div class=\"vc_column-inner\"><div class=\"wpb_wrapper\">\n\t\t\t\t<p class=\"rs-p-wp-fix\"><\/p>\n\t\t\t\t<sr7-module data-alias=\"contact\" data-id=\"11\" id=\"SR7_11_1\" class=\"rs-ov-hidden\" data-version=\"6.7.53\">\n\t\t\t\t\t<sr7-adjuster><\/sr7-adjuster>\n\t\t\t\t\t<sr7-content>\n\t\t\t\t\t\t<sr7-slide id=\"SR7_11_1-2\" data-key=\"2\">\n\t\t\t\t\t\t\t<sr7-bg id=\"SR7_11_1-2-4\" class=\"sr7-layer\"><noscript><img decoding=\"async\" src=\"https:\/\/casaioana.lucianandpartners.ro\/wp-content\/uploads\/2021\/02\/contact_banner2.jpg\" alt=\"\" title=\"contact_banner2\"><\/noscript><\/sr7-bg>\n\t\t\t\t\t\t\t<sr7-txt id=\"SR7_11_1-2-1\" class=\"sr7-layer\">Contacteaz\u0103-ne<\/sr7-txt>\n\t\t\t\t\t\t\t<sr7-txt id=\"SR7_11_1-2-2\" class=\"sr7-layer\">Nenum\u0103rate familii care experimenteaz\u0103 violen\u021ba domestic\u0103 \u0219i lipsa unui ad\u0103post sunt singure, izolate \u0219i pline de team\u0103. \nUneori, simplul contact cu acestea sau d\u00e2ndu-le de \u00een\u021beles c\u0103 le e\u0219ti al\u0103turi , le poate aduce o mare u\u0219urare.<\/sr7-txt>\n\t\t\t\t\t\t\t<sr7-txt id=\"SR7_11_1-2-3\" class=\"sr7-layer\"><i class=\"fas fa-arrow-right\"><\/i> Num\u0103r unic na\u021bional de urgen\u021b\u0103 24\/7: 0800 500 333\n<i class=\"fas fa-arrow-right\"><\/i>  Apeleaz\u0103  112 dac\u0103 tu sau o persoan\u0103 cunoscut\u0103 sunte\u021bi \u00een pericol<\/sr7-txt>\n\t\t\t\t\t\t<\/sr7-slide>\n\t\t\t\t\t\t<sr7-slide id=\"SR7_11_1-13\" data-key=\"13\">\n\t\t\t\t\t\t<\/sr7-slide>\n\t\t\t\t\t<\/sr7-content>\n\t\t\t\t\t<image_lists style=\"display:none\">\n\t\t\t\t\t\t<img data-src=\"\/\/casaioana.lucianandpartners.ro\/wp-content\/uploads\/2021\/02\/contact_banner2.jpg\" data-libid=\"410\" data-lib=\"medialibrary\" title=\"contact_banner2\" width=\"0\" height=\"0\" data-dbsrc=\"Ly9jYXNhaW9hbmEubHVjaWFuYW5kcGFydG5lcnMucm8vd3AtY29udGVudC91cGxvYWRzLzIwMjEvMDIvY29udGFjdF9iYW5uZXIyLmpwZw==\"\/>\n\t\t\t\t\t<\/image_lists>\n\t\t\t\t<\/sr7-module>\n\t\t\t\t<script>\n\t\t\t\t\twindow.SR7 ??={};SR7.PMH ??={}; SR7.PMH[\"SR7_11_1\"] = {cn:100,state:false,fn: function() { if (window._tpt!==undefined && window._tpt.prepareModuleHeight !== undefined) {  _tpt.prepareModuleHeight({id:\"SR7_11_1\",el:[500,500,768,960,720],type:'standard',shdw:'0',gh:[500,500,,,],gw:[1240,1240,1024,778,480],vpt:['-200px'],size:{fullWidth:true, fullHeight:false},mh:'0',onh:0,onw:0,bg:{color:'{\"orig\":\"transparent\",\"type\":\"solid\",\"string\":\"transparent\"}'},plType:'0',plColor:'#FFFFFF'});   SR7.PMH[\"SR7_11_1\"].state=true;} else if(SR7.PMH[\"SR7_11_1\"].cn-->0)\tsetTimeout( SR7.PMH[\"SR7_11_1\"].fn,19);}};SR7.PMH[\"SR7_11_1\" ].fn();\n\t\t\t\t<\/script>\n<\/div><\/div><\/div><\/div><div data-vc-full-width=\"true\" data-vc-full-width-temp=\"true\" data-vc-full-width-init=\"false\" class=\"vc_row wpb_row vc_row-fluid white_background static_page_content\"><div class=\"wpb_column vc_column_container vc_col-sm-12\"><div class=\"vc_column-inner\"><div class=\"wpb_wrapper\"><div class=\"vc_empty_space\"   style=\"height: 32px\"><span class=\"vc_empty_space_inner\"><\/span><\/div><div class=\"vc_row wpb_row vc_inner vc_row-fluid\"><div class=\"contactImg wpb_column vc_column_container vc_col-sm-8\"><div class=\"vc_column-inner\"><div class=\"wpb_wrapper\">\n\t<div  class=\"wpb_single_image wpb_content_element vc_align_left wpb_content_element\">\n\t\t\n\t\t<figure class=\"wpb_wrapper vc_figure\">\n\t\t\t<div class=\"vc_single_image-wrapper   vc_box_border_grey\"><img loading=\"lazy\" decoding=\"async\" width=\"773\" height=\"452\" src=\"https:\/\/casaioana.org\/wp-content\/uploads\/2021\/02\/contactPic2.png\" class=\"vc_single_image-img attachment-full\" alt=\"\" title=\"contactPic2\" srcset=\"https:\/\/casaioana.org\/wp-content\/uploads\/2021\/02\/contactPic2.png 773w, https:\/\/casaioana.org\/wp-content\/uploads\/2021\/02\/contactPic2-300x175.png 300w, https:\/\/casaioana.org\/wp-content\/uploads\/2021\/02\/contactPic2-768x449.png 768w\" sizes=\"auto, (max-width: 773px) 100vw, 773px\" \/><\/div>\n\t\t<\/figure>\n\t<\/div>\n<\/div><\/div><\/div><div class=\"wpb_column vc_column_container vc_col-sm-4\"><div class=\"vc_column-inner\"><div class=\"wpb_wrapper\">\n\t<div class=\"wpb_raw_code wpb_raw_html wpb_content_element contactInfo\" >\n\t\t<div class=\"wpb_wrapper\">\n\t\t\t<h2 style=\"color: #eb6343;\">Birou<\/h2>\n\n<ul>\n<li><i class=\"fas fa-phone-square-alt\"><\/i> <div><a href=\"tel:+40213326390\">+ 40 21 332 6390<\/a><\/div><\/li>\n<li><i class=\"fas fa-calendar-alt\"><\/i> <div>Luni - Vineri: 9:00 am - 5:00 pm<\/div><\/li>\n<li><i class=\"fas fa-map-marker-alt\"><\/i> <div>\u015eoseaua Olteni\u0163ei 39-41, Sector 4,Bucharest 041294<\/div><\/li>\n<li><i class=\"fas fa-envelope\"><\/i> <div><a href=\"mailto:office@casaioana.org\">office@casaioana.org<\/a><\/div><\/li>\n<\/ul>\n\t\t<\/div>\n\t<\/div>\n<\/div><\/div><\/div><\/div><\/div><\/div><\/div><\/div><div class=\"vc_row-full-width vc_clearfix\"><\/div><div data-vc-full-width=\"true\" data-vc-full-width-temp=\"true\" data-vc-full-width-init=\"false\" data-vc-stretch-content=\"true\" class=\"vc_row wpb_row vc_row-fluid vc_custom_1612979778902 vc_row-no-padding\"><div class=\"wpb_column vc_column_container vc_col-sm-12\"><div class=\"vc_column-inner\"><div class=\"wpb_wrapper\"><div class=\"vc_separator wpb_content_element vc_separator_align_center vc_sep_width_100 vc_sep_pos_align_center vc_separator_no_text wpb_content_element  wpb_content_element\" ><span class=\"vc_sep_holder vc_sep_holder_l\"><span style=\"border-color:#eb6343;\" class=\"vc_sep_line\"><\/span><\/span><span class=\"vc_sep_holder vc_sep_holder_r\"><span style=\"border-color:#eb6343;\" class=\"vc_sep_line\"><\/span><\/span>\n<\/div><\/div><\/div><\/div><\/div><div class=\"vc_row-full-width vc_clearfix\"><\/div><div data-vc-full-width=\"true\" data-vc-full-width-temp=\"true\" data-vc-full-width-init=\"false\" class=\"vc_row wpb_row vc_row-fluid white_background vc_custom_1613549372674 vc_row-has-fill\"><div class=\"wpb_column vc_column_container vc_col-sm-12\"><div class=\"vc_column-inner\"><div class=\"wpb_wrapper\"><div class=\"vc_row wpb_row vc_inner vc_row-fluid\"><div class=\"contactForm wpb_column vc_column_container vc_col-sm-6\"><div class=\"vc_column-inner\"><div class=\"wpb_wrapper\">\n\t<div class=\"wpb_text_column wpb_content_element\" >\n\t\t<div class=\"wpb_wrapper\">\n\t\t\t<h3>Contacteaz\u0103-ne<\/h3>\n\n<div class=\"wpcf7 no-js\" id=\"wpcf7-f427-o1\" lang=\"ro-RO\" dir=\"ltr\" data-wpcf7-id=\"427\">\n<div class=\"screen-reader-response\"><p role=\"status\" aria-live=\"polite\" aria-atomic=\"true\"><\/p> <ul><\/ul><\/div>\n<form action=\"\/en\/wp-json\/wp\/v2\/pages\/405#wpcf7-f427-o1\" method=\"post\" class=\"wpcf7-form init\" aria-label=\"Formular de contact\" novalidate=\"novalidate\" data-status=\"init\">\n<fieldset class=\"hidden-fields-container\"><input type=\"hidden\" name=\"_wpcf7\" value=\"427\" \/><input type=\"hidden\" name=\"_wpcf7_version\" value=\"6.1.5\" \/><input type=\"hidden\" name=\"_wpcf7_locale\" value=\"ro_RO\" \/><input type=\"hidden\" name=\"_wpcf7_unit_tag\" value=\"wpcf7-f427-o1\" \/><input type=\"hidden\" name=\"_wpcf7_container_post\" value=\"0\" \/><input type=\"hidden\" name=\"_wpcf7_posted_data_hash\" value=\"\" \/><input type=\"hidden\" name=\"_wpcf7dtx_version\" value=\"5.0.5\" \/><input type=\"hidden\" name=\"_wpcf7_recaptcha_response\" value=\"\" \/>\n<\/fieldset>\n<p><label> Nume<br \/>\n<span class=\"wpcf7-form-control-wrap\" data-name=\"your-name\"><input size=\"40\" maxlength=\"400\" class=\"wpcf7-form-control wpcf7-text wpcf7-validates-as-required\" aria-required=\"true\" aria-invalid=\"false\" value=\"\" type=\"text\" name=\"your-name\" \/><\/span> <\/label><br \/>\n<label> Telefon<br \/>\n<span class=\"wpcf7-form-control-wrap\" data-name=\"your-subject\"><input size=\"40\" maxlength=\"400\" class=\"wpcf7-form-control wpcf7-text wpcf7-validates-as-required\" aria-required=\"true\" aria-invalid=\"false\" value=\"\" type=\"text\" name=\"your-subject\" \/><\/span> <\/label>\n<\/p>\n<p><label> Email<br \/>\n<span class=\"wpcf7-form-control-wrap\" data-name=\"your-email\"><input size=\"40\" maxlength=\"400\" class=\"wpcf7-form-control wpcf7-email wpcf7-validates-as-required wpcf7-text wpcf7-validates-as-email\" aria-required=\"true\" aria-invalid=\"false\" value=\"\" type=\"email\" name=\"your-email\" \/><\/span> <\/label>\n<\/p>\n<p><label> Mesaj<br \/>\n<span class=\"wpcf7-form-control-wrap\" data-name=\"your-message\"><textarea cols=\"40\" rows=\"10\" maxlength=\"2000\" class=\"wpcf7-form-control wpcf7-textarea\" aria-invalid=\"false\" name=\"your-message\"><\/textarea><\/span> <\/label>\n<\/p>\n<p><input class=\"wpcf7-form-control wpcf7-submit has-spinner\" type=\"submit\" value=\"Trimite\" \/>\n<\/p><p style=\"display: none !important;\" class=\"akismet-fields-container\" data-prefix=\"_wpcf7_ak_\"><label>&#916;<textarea name=\"_wpcf7_ak_hp_textarea\" cols=\"45\" rows=\"8\" maxlength=\"100\"><\/textarea><\/label><input type=\"hidden\" id=\"ak_js_1\" name=\"_wpcf7_ak_js\" value=\"155\"\/><script>document.getElementById( \"ak_js_1\" ).setAttribute( \"value\", ( new Date() ).getTime() );<\/script><\/p><div class=\"wpcf7-response-output\" aria-hidden=\"true\"><\/div>\n<\/form>\n<\/div>\n\n\n\t\t<\/div>\n\t<\/div>\n<\/div><\/div><\/div><div class=\"wpb_column vc_column_container vc_col-sm-6\"><div class=\"vc_column-inner\"><div class=\"wpb_wrapper\"><\/div><\/div><\/div><\/div><div class=\"vc_empty_space\"   style=\"height: 100px\"><span class=\"vc_empty_space_inner\"><\/span><\/div><\/div><\/div><\/div><\/div><div class=\"vc_row-full-width vc_clearfix\"><\/div>\n<\/div>","protected":false},"excerpt":{"rendered":"Contacteaz\u0103-ne Nenum\u0103rate familii care experimenteaz\u0103 violen\u021ba domestic\u0103 \u0219i lipsa unui ad\u0103post sunt singure, izolate \u0219i pline de team\u0103. Uneori, simplul contact cu acestea sau d\u00e2ndu-le de \u00een\u021beles c\u0103 le e\u0219ti al\u0103turi , le poate aduce o mare u\u0219urare. Num\u0103r unic na\u021bional de urgen\u021b\u0103 24\/7: 0800 500 333 Apeleaz\u0103 112 dac\u0103 tu sau o persoan\u0103 cunoscut\u0103 [...]","protected":false},"author":2,"featured_media":0,"parent":0,"menu_order":0,"comment_status":"closed","ping_status":"closed","template":"","meta":{"footnotes":""},"class_list":["post-405","page","type-page","status-publish","hentry"],"_links":{"self":[{"href":"https:\/\/casaioana.org\/en\/wp-json\/wp\/v2\/pages\/405","targetHints":{"allow":["GET"]}}],"collection":[{"href":"https:\/\/casaioana.org\/en\/wp-json\/wp\/v2\/pages"}],"about":[{"href":"https:\/\/casaioana.org\/en\/wp-json\/wp\/v2\/types\/page"}],"author":[{"embeddable":true,"href":"https:\/\/casaioana.org\/en\/wp-json\/wp\/v2\/users\/2"}],"replies":[{"embeddable":true,"href":"https:\/\/casaioana.org\/en\/wp-json\/wp\/v2\/comments?post=405"}],"version-history":[{"count":0,"href":"https:\/\/casaioana.org\/en\/wp-json\/wp\/v2\/pages\/405\/revisions"}],"wp:attachment":[{"href":"https:\/\/casaioana.org\/en\/wp-json\/wp\/v2\/media?parent=405"}],"curies":[{"name":"wp","href":"https:\/\/api.w.org\/{rel}","templated":true}]}}