{"id":479,"date":"2021-03-17T14:53:57","date_gmt":"2021-03-17T14:53:57","guid":{"rendered":"https:\/\/casaioana.org\/\/?page_id=479"},"modified":"2021-03-17T14:58:22","modified_gmt":"2021-03-17T14:58:22","slug":"covid-19-2","status":"publish","type":"page","link":"https:\/\/casaioana.org\/en\/covid-19-2\/","title":{"rendered":"Covid-19"},"content":{"rendered":"<div class=\"wpb-content-wrapper\"><div class=\"vc_row wpb_row vc_row-fluid\"><div class=\"wpb_column vc_column_container vc_col-sm-12\"><div class=\"vc_column-inner\"><div class=\"wpb_wrapper\">\n\t<div class=\"wpb_text_column wpb_content_element\" >\n\t\t<div class=\"wpb_wrapper\">\n\t\t\t<p class=\"has-drop-cap has-black-color has-text-color\">\n<figure class=\"wp-block-image size-large\"><img loading=\"lazy\" decoding=\"async\" width=\"1024\" height=\"362\" class=\"wp-image-154\" src=\"https:\/\/casaioana.org\/\/wp-content\/uploads\/2021\/02\/pexels-cdc-3993212-1-1024x362.jpg\" alt=\"\" srcset=\"https:\/\/casaioana.org\/wp-content\/uploads\/2021\/02\/pexels-cdc-3993212-1-1024x362.jpg 1024w, https:\/\/casaioana.org\/wp-content\/uploads\/2021\/02\/pexels-cdc-3993212-1-300x106.jpg 300w, https:\/\/casaioana.org\/wp-content\/uploads\/2021\/02\/pexels-cdc-3993212-1-768x272.jpg 768w, https:\/\/casaioana.org\/wp-content\/uploads\/2021\/02\/pexels-cdc-3993212-1-1536x543.jpg 1536w, https:\/\/casaioana.org\/wp-content\/uploads\/2021\/02\/pexels-cdc-3993212-1.jpg 1920w\" sizes=\"auto, (max-width: 1024px) 100vw, 1024px\" \/><\/figure>\n<p><span style=\"color: #ffffff;\">Domestic violence affects people all over the world and from all walks of life on a daily basis, both in normal situations and in times of crisis. UN statistics show that globally, one in three women become victims of physical assault, and in times of crisis, cases of domestic violence tend to increase significantly. The current crisis caused by the pandemic is no exception, especially in a country like Romania, where, unfortunately, domestic abuse is often considered normal.<\/span><\/p>\n<p><span style=\"color: #ffffff;\">In 2019, the Romanian Police recorded 44,094 cases of domestic violence and 51 deaths. This means that every week, one Romanian woman was killed.<\/span><\/p>\n<p><span style=\"color: #ffffff;\"><\/span><\/p>\n<p><span style=\"color: #ffffff;\">Statistics from 2018 show that 24% of Romanian women have suffered some form of violence caused by their partner, while 28% of them know other victims among friends and relatives. Only 47% of the women surveyed were aware of the legislation protecting them from domestic violence and 74% were unaware of the existence of a specialised support system.<\/span><\/p>\n<p><span style=\"color: #ffffff;\"><\/span><\/p>\n<p><span style=\"color: #ffffff;\">The movement restrictions caused by the COVID-19 pandemic have had an impact on everyone, but especially on victims of domestic violence. Romania was no exception to the global trend and reported an increase in the number of assault cases shortly after the restrictions were imposed. The National Agency for Equal Opportunities (ANES) pointed out that the number of calls to the special domestic violence reporting service doubled in the first month of the quarantine (compared to the same period last year). The effects of the quarantine are expected to continue on the new generation enduring the horrors of domestic violence, even after the lifting of the restrictions.<\/span><\/p>\n<p>&nbsp;<\/p>\n\n\t\t<\/div>\n\t<\/div>\n<\/div><\/div><\/div><\/div>\n<\/div>","protected":false},"excerpt":{"rendered":"Violen\u021ba domestic\u0103 afecteaz\u0103 zilnic oameni din toat\u0103 lumea \u0219i din toate categoriile sociale, at\u00e2t \u00een situa\u021bii normale c\u00e2t \u0219i \u00een momente de criz\u0103. Statisticile UN arat\u0103 c\u0103, la nivel global, una din trei femei devine victima agresiunii fizice,iIar \u00een momente de criz\u0103, cazurile de violen\u021b\u0103 domestic\u0103 tind s\u0103 creasc\u0103 semnificativ. Criza actual\u0103 cauzat\u0103 de pandemie [...]","protected":false},"author":2,"featured_media":0,"parent":0,"menu_order":0,"comment_status":"closed","ping_status":"closed","template":"","meta":{"footnotes":""},"class_list":["post-479","page","type-page","status-publish","hentry"],"_links":{"self":[{"href":"https:\/\/casaioana.org\/en\/wp-json\/wp\/v2\/pages\/479","targetHints":{"allow":["GET"]}}],"collection":[{"href":"https:\/\/casaioana.org\/en\/wp-json\/wp\/v2\/pages"}],"about":[{"href":"https:\/\/casaioana.org\/en\/wp-json\/wp\/v2\/types\/page"}],"author":[{"embeddable":true,"href":"https:\/\/casaioana.org\/en\/wp-json\/wp\/v2\/users\/2"}],"replies":[{"embeddable":true,"href":"https:\/\/casaioana.org\/en\/wp-json\/wp\/v2\/comments?post=479"}],"version-history":[{"count":0,"href":"https:\/\/casaioana.org\/en\/wp-json\/wp\/v2\/pages\/479\/revisions"}],"wp:attachment":[{"href":"https:\/\/casaioana.org\/en\/wp-json\/wp\/v2\/media?parent=479"}],"curies":[{"name":"wp","href":"https:\/\/api.w.org\/{rel}","templated":true}]}}